{"id":13,"date":"2023-04-11T17:07:36","date_gmt":"2023-04-11T15:07:36","guid":{"rendered":"https:\/\/ambasciatapraga.esteri.it\/?page_id=13"},"modified":"2026-02-18T23:25:44","modified_gmt":"2026-02-18T20:25:44","slug":"chi-siamo","status":"publish","type":"page","link":"https:\/\/ambilcairo.esteri.it\/it\/chi-siamo\/","title":{"rendered":"Chi siamo"},"content":{"rendered":"<p><strong>Orario di apertura<\/strong><\/p>\n<p>L&#8217;Ambasciata d&#8217;Italia al Cairo \u00e8 aperta dalla domenica al gioved\u00ec (venerd\u00ec e sabato chiuso). Si riceve solo su appuntamento.<\/p>\n<p>A tal fine, si prega di contattare la segreteria dell&#8217;Ufficio di proprio interesse o il centralino, in orario di apertura al pubblico (08.30 &#8211; 15.30).<\/p>\n<p>Per assistenza in situazioni di emergenza, si prega di prendere visione della voce <a href=\"https:\/\/ambilcairo.esteri.it\/it\/chi-siamo\/numeri-di-emergenza\/\">Numeri di emergenza.<\/a><\/p>\n","protected":false},"excerpt":{"rendered":"Orario di apertura L&#8217;Ambasciata d&#8217;Italia al Cairo \u00e8 aperta dalla domenica al gioved\u00ec (venerd\u00ec e sabato chiuso). Si riceve solo su appuntamento. A tal fine, si prega di contattare la segreteria dell&#8217;Ufficio di proprio interesse o il centralino, in orario di apertura al pubblico (08.30 &#8211; 15.30). Per assistenza in situazioni di emergenza, si prega [&hellip;]","protected":false},"author":1,"featured_media":0,"parent":0,"menu_order":2,"comment_status":"closed","ping_status":"closed","template":"","meta":{"footnotes":""},"class_list":["post-13","page","type-page","status-publish","hentry"],"_links":{"self":[{"href":"https:\/\/ambilcairo.esteri.it\/it\/wp-json\/wp\/v2\/pages\/13","targetHints":{"allow":["GET"]}}],"collection":[{"href":"https:\/\/ambilcairo.esteri.it\/it\/wp-json\/wp\/v2\/pages"}],"about":[{"href":"https:\/\/ambilcairo.esteri.it\/it\/wp-json\/wp\/v2\/types\/page"}],"author":[{"embeddable":true,"href":"https:\/\/ambilcairo.esteri.it\/it\/wp-json\/wp\/v2\/users\/1"}],"replies":[{"embeddable":true,"href":"https:\/\/ambilcairo.esteri.it\/it\/wp-json\/wp\/v2\/comments?post=13"}],"version-history":[{"count":3,"href":"https:\/\/ambilcairo.esteri.it\/it\/wp-json\/wp\/v2\/pages\/13\/revisions"}],"predecessor-version":[{"id":5260,"href":"https:\/\/ambilcairo.esteri.it\/it\/wp-json\/wp\/v2\/pages\/13\/revisions\/5260"}],"wp:attachment":[{"href":"https:\/\/ambilcairo.esteri.it\/it\/wp-json\/wp\/v2\/media?parent=13"}],"curies":[{"name":"wp","href":"https:\/\/api.w.org\/{rel}","templated":true}]}}