{"id":266,"date":"2023-10-16T11:54:32","date_gmt":"2023-10-16T08:54:32","guid":{"rendered":"https:\/\/ambilcairo.esteri.it\/?page_id=266"},"modified":"2025-11-18T13:21:40","modified_gmt":"2025-11-18T10:21:40","slug":"la-rete-consolare","status":"publish","type":"page","link":"https:\/\/ambilcairo.esteri.it\/it\/news\/dall_ambasciata\/la-rete-consolare\/","title":{"rendered":"La Rete Consolare"},"content":{"rendered":"<p><strong>Cancelleria Consolare al Cairo<\/strong><\/p>\n<p>Capo Cancelleria: dott.ssa Giulia De Nardis<br \/>\nIndirizzo: <a href=\"https:\/\/www.google.com\/maps?q=30.071796417236328,31.227771759033203&amp;z=17&amp;hl=it\">Nile City Towers, Torre Sud,\u00a0 7\u00b0 piano. 2005 Corniche El Nil, Ramlet Boulaq, Boulaq, Cairo.<\/a><br \/>\nTel.: +20 (0) 2.2461.9680 \/ +20 (0) 2.2461.9681 .<br \/>\nE-mail:\u00a0<a href=\"mailto:consolare.cairo@esteri.it\">consolare.cairo@esteri.it<\/a><br \/>\nIl centralino del Cancelleria Consolare \u00e8 raggiungibile dalle 8 alle 18 tranne il venerd\u00ec e sabato, e giorni festivi.<\/p>\n<p style=\"text-align: justify;\">La Circoscrizione consolare copre tutto il territorio della Repubblica Araba d&#8217;Egitto. Dalla Cancelleria Consolare al Cairo dipendono anche il Consolato Onorario di Alessandria, il Consolato Onorario di Sharm El Sheikh, il Vice Consolato Onorario di Hurghada, il Corrispondente Consolare di Luxor.<\/p>\n<p>Orari di apertura al pubblico:<\/p>\n<ul>\n<li>Sportelli consolari (AIRE, Passaporti, Cittadinanza, Stato Civile): domenica, luned\u00ec, marted\u00ec, mercoled\u00ec, dalle ore 9:00 alle ore 12:00<\/li>\n<li>Ufficio visti: per prenotare un appuntamento per un visto per l&#8217;Italia consultare il sito <a href=\"https:\/\/egy.almaviva-visa.it\/\">AlmavivA Visa Egypt<\/a>.<\/li>\n<li>Ufficio legalizzazioni: per prenotare un appuntamento consultare il sito <a href=\"https:\/\/visa.vfsglobal.com\/egy\/en\/ita\/legalization\">VFS Global<\/a><\/li>\n<li>Dichiarazioni di Valore: marted\u00ec e gioved\u00ec dalle ore 9.00 alle ore 11.00<\/li>\n<\/ul>\n<p><strong>Consolati onorari<\/strong><\/p>\n<p><strong>Alessandria<br \/>\n<\/strong>Console Onorario: Mario De Pasquale<br \/>\n25, Midan Saad Zaghloul, Mahatet El Raml Alessandria<br \/>\nTel.: +20 (0)1200001720 &#8211; +20 (0)3 4877000 &#8211; +20 (0)2 27730109 &#8211; 27730119 &#8211; +20 (0)2 37943194\/5<br \/>\nE-mail:\u00a0<a href=\"mailto:alessandria.onorario@esteri.it\">alessandria.onorario@esteri.it<\/a><a href=\"mailto:alessandria.onorario@esteri.it\"><br \/>\n<\/a>Orari: da Domenica a Gioved\u00ec dalle 09.00 alle 14.30<\/p>\n<p><strong>Sharm El Sheikh<br \/>\n<\/strong>Console Onorario: Cav. Fabio Brucini<br \/>\nDomina Coral Bay &#8211; Main Reception Building &#8211; interno 10258<br \/>\nTel.: +20 (0)69 3601610 &#8211; 3601650 &#8211; +20 (0)2 27730109 &#8211; 27730119 &#8211; +20 (0)2 37943194\/5<br \/>\nsegreteria Sig.ra Rossella Cavallini 0020 1224298959<br \/>\nE-mail:\u00a0<a href=\"mailto:sharm.onorario@esteri.it\">sharm.onorario@esteri.it<br \/>\n<\/a>Orari: da Sabato a Mercoled\u00ec dalle 10.30 alle 13.00. l&#8217;ufficio resta chiuso il Gioved\u00ec ed il Venerd\u00ec.<\/p>\n<p>Corrispondente Consolare per le aree di Dahab, Nuweiba e Taba: Commendatore D.ssa Faiza Farid<br \/>\nDomina Coral Bay &#8211; Main Reception Building &#8211; interno 10258<br \/>\nTel.: +20 (0)69 3601610 &#8211; 3601650 &#8211; +20 (0)2 27730109\/119 &#8211; +20 (0)2 37943194\/5<br \/>\nsegreteria Sig.ra Rossella Cavallini 0020 1224298959<br \/>\nE-mail:\u00a0<a href=\"mailto:consolare.cairo@esteri.it;\">consolare.cairo@esteri.it;<br \/>\n<\/a>Orari: da Sabato a Mercoled\u00ec dalle 10.30 alle 13.00. l&#8217;ufficio resta chiuso il Gioved\u00ec ed il Venerd\u00ec.<\/p>\n<p><strong>Luxor<br \/>\n<\/strong>Corrispondente Consolare: Prof. Francis Amin Mohareb Khalil<br \/>\nc\/o Sheraton Hotel &#8211; suite 515, Luxor<br \/>\nTel.: +20 (0)122 3403381 &#8211; +20 (0)2 27730109 &#8211; 27730119 &#8211; +20 (0)2 37943194\/5<br \/>\nE-mail:\u00a0<a href=\"mailto:consolare.cairo@esteri.it\">consolare.cairo@esteri.it<\/a><br \/>\nOrari: da Sabato a Gioved\u00ec, 11.00 &#8211; 20.00<\/p>\n<p><strong>Hurgada<br \/>\n<\/strong>Vice Console Onorario: Orazio Gioacchini<br \/>\nIntercontinental area n.11 &#8211; Paradise village, Hurgada &#8211; Red Sea- Egypt.<br \/>\nTel.: +20 65346508; +20 1110806166<br \/>\nE-mail:\u00a0<a href=\"mailto:hurgada.onorario@esteri.it\">hurgada.onorario@esteri.it<\/a>\u00a0<a href=\"mailto:hurgada.onorario@esteri.it\"><br \/>\n<\/a><\/p>\n<p>Assistente: Sig.ra Tiziana Lombardi<\/p>\n<p>Orari: Lunedi&#8217;, mercoledi, venerdi 10.30-13.30<\/p>\n<p>&nbsp;<\/p>\n<p>PATRONATI<\/p>\n<p><strong>ITALUIL \/ UIM<\/strong><\/p>\n<p>Essa Eskander, Presidente Italuil \/ Uim Egitto<\/p>\n<p>5 Imtidad Al Akhaa Street- sixth floor n.62<br \/>\nCairo \u2013 Maadi<br \/>\n11729<br \/>\n<a href=\"http:\/\/www.itauil.it\">www.itauil.it<\/a><\/p>\n<p>Lunedi \u2013 Mercoled\u00ec \u2013 Gioved\u00ec<br \/>\nOrario 09.00 \u2013 12.30 e 13.30 \u2013 15.30<\/p>\n<p>Tel 0020227010128<br \/>\nE-mail :\u00a0<a href=\"mailto:uimegitto@gmail.com\">uimegitto@gmail.com<br \/>\n<\/a><a href=\"mailto:e.eskander@uil.it\">e.eskander@uil.it<\/a><\/p>\n","protected":false},"excerpt":{"rendered":"Cancelleria Consolare al Cairo Capo Cancelleria: dott.ssa Giulia De Nardis Indirizzo: Nile City Towers, Torre Sud,\u00a0 7\u00b0 piano. 2005 Corniche El Nil, Ramlet Boulaq, Boulaq, Cairo. Tel.: +20 (0) 2.2461.9680 \/ +20 (0) 2.2461.9681 . E-mail:\u00a0consolare.cairo@esteri.it Il centralino del Cancelleria Consolare \u00e8 raggiungibile dalle 8 alle 18 tranne il venerd\u00ec e sabato, e giorni festivi. [&hellip;]","protected":false},"author":8,"featured_media":0,"parent":33,"menu_order":0,"comment_status":"closed","ping_status":"closed","template":"","meta":{"footnotes":""},"class_list":["post-266","page","type-page","status-publish","hentry"],"_links":{"self":[{"href":"https:\/\/ambilcairo.esteri.it\/it\/wp-json\/wp\/v2\/pages\/266","targetHints":{"allow":["GET"]}}],"collection":[{"href":"https:\/\/ambilcairo.esteri.it\/it\/wp-json\/wp\/v2\/pages"}],"about":[{"href":"https:\/\/ambilcairo.esteri.it\/it\/wp-json\/wp\/v2\/types\/page"}],"author":[{"embeddable":true,"href":"https:\/\/ambilcairo.esteri.it\/it\/wp-json\/wp\/v2\/users\/8"}],"replies":[{"embeddable":true,"href":"https:\/\/ambilcairo.esteri.it\/it\/wp-json\/wp\/v2\/comments?post=266"}],"version-history":[{"count":6,"href":"https:\/\/ambilcairo.esteri.it\/it\/wp-json\/wp\/v2\/pages\/266\/revisions"}],"predecessor-version":[{"id":4195,"href":"https:\/\/ambilcairo.esteri.it\/it\/wp-json\/wp\/v2\/pages\/266\/revisions\/4195"}],"up":[{"embeddable":true,"href":"https:\/\/ambilcairo.esteri.it\/it\/wp-json\/wp\/v2\/pages\/33"}],"wp:attachment":[{"href":"https:\/\/ambilcairo.esteri.it\/it\/wp-json\/wp\/v2\/media?parent=266"}],"curies":[{"name":"wp","href":"https:\/\/api.w.org\/{rel}","templated":true}]}}