{"id":287,"date":"2023-10-17T12:17:46","date_gmt":"2023-10-17T09:17:46","guid":{"rendered":"https:\/\/ambilcairo.esteri.it\/?page_id=287"},"modified":"2024-01-29T15:38:19","modified_gmt":"2024-01-29T12:38:19","slug":"enti-gestori","status":"publish","type":"page","link":"https:\/\/ambilcairo.esteri.it\/it\/italia-ed-egitto\/diplomazia-culturale\/lingua-e-cultura-italiana\/enti-gestori\/","title":{"rendered":"ENTI GESTORI"},"content":{"rendered":"<p>ALBO CONSOLARE DEGLI ENTI GESTORI DI INIZIATIVE A FAVORE DELLA LINGUA E DELLA CULTURA ITALIANA<\/p>\n<p>Costituzione Albo consolare degli Enti Gestori di iniziative a favore della lingua e della cultura italiana di cui all\u2019articolo 10 del Decreto Legislativo n. 64\/2017 \u2013 Richiesta di contributo ministeriale a valere sul capitolo 3153 \u2013 Iscrizioni entro il 30 GIUGNO 2023 per gli enti gestori che intendono presentare progetti relativi all\u2019anno scolastico 2024\/2025 e successivi.<\/p>\n<p>Ai sensi della Circolare del Ministero degli Affari Esteri e della Cooperazione Internazionale n. 4 dell\u20198 marzo 2022, gli enti gestori di iniziative a favore della lingua e della cultura italiana, di cui all\u2019articolo 10 del Decreto Legislativo 64\/2017, che intendano richiedere un contributo a valere sul capitolo 3153, per progetti relativi all\u2019anno scolastico 2024\/2025 e successivi si dovranno registrare, entro il 30 giugno 2023, presso un apposito albo consolare istituito presso questa Ambasciata.<\/p>\n<p>La richiesta di iscrizione all\u2019albo degli enti gestori\/promotori di questa Circoscrizione deve essere inoltrata ai seguenti indirizzi:<\/p>\n<p>tramite lettera raccomandata ad:<\/p>\n<p>Ambasciata d\u2019Italia a Il Cairo, 15, Abdel Rahman Fahmy Str., Garden City, Il Cairo, Egitto<\/p>\n<p>e via e-mail al seguente indirizzo di posta elettronica:<\/p>\n<p>cairo.ufficioscuole@esteri.it<\/p>\n<p>compilando i moduli:<\/p>\n<p>\u00b7 Richiesta iscrizione all\u2019Albo consolare degli Enti gestori;<\/p>\n<p>\u00b7 Anagrafica dell\u2019Ente richiedente;<\/p>\n<p>allegare:<\/p>\n<p>\u00b7 copia del documento di riconoscimento del Legale Rappresentante dell\u2019Ente;<\/p>\n<p>\u00b7 copia dello Statuto dell\u2019ente;<\/p>\n<p>\u00b7 attestazione di conformit\u00e0 dello stesso alla normativa locale.<\/p>\n<p>Possono presentare domanda di registrazione a detto albo gli Enti Gestori operanti nel territorio egiziano e altri enti interessati all\u2019organizzazione di corsi di lingua e cultura italiana, che siano in possesso dei requisiti previsti dalla Circolare ministeriale n. 4 dell\u20198 marzo 2022. L\u2019iscrizione all\u2019Albo consolare, gestito dall\u2019ufficio scuole dell\u2019Ambasciata d\u2019Italia a Il Cairo e pubblicato sul sito internet, avviene previa verifica dei requisiti soggettivi da parte di questo Ufficio ed ha durata quadriennale.<\/p>\n<p>Al termine del quadriennio, il rinnovo della registrazione degli enti gestori\/promotori avviene su richiesta dell\u2019ente interessato e previa valutazione dell\u2019Ufficio Scuole.<\/p>\n<p>Nel rimandare ad una attenta lettura della Circolare 4\/2022 si segnala che possono accedere alle risorse finanziarie del capitolo 3153, gli Enti Gestori operanti in questa Circoscrizione, iscritti all\u2019Albo consolare, gestito da questo Ambasciata attraverso l\u2019Ufficio Scuole che, in via generale presentino le seguenti caratteristiche:<\/p>\n<p>\u2013 enti senza finalit\u00e0 di lucro promotori di iniziative a favore della lingua e della cultura italiana, di cui all\u2019articolo 10 del Decreto Legislativo n. 64\/2017, in scuole pubbliche o private (dalla Scuola dell\u2019infanzia fino alla Scuola secondaria);<\/p>\n<p>\u2013 enti dotati di uno statuto, la cui conformit\u00e0 al diritto locale deve essere attestata e comunicata a questa Ambasciata. Gli enti beneficiari di contributo saranno inoltre tenuti a comunicare tempestivamente eventuali modifiche al proprio statuto.<\/p>\n<p>Non sono ammissibili al contributo ministeriale:<\/p>\n<p>\u2013 i c.d. \u201centi ombrello\u201d, cio\u00e8 soggetti che riuniscano al loro interno altri enti con caratteristiche e finalit\u00e0 analoghe, di cui sarebbe difficile la tracciabilit\u00e0 delle attivit\u00e0 e delle operazioni;<\/p>\n<p>\u2013 gli enti all\u2019interno dei quali le cariche direttive siano ricoperte da rappresentanti del Com.It.Es., considerato altres\u00ec l\u2019articolo 2, comma 4, lettera g) della Legge n. 286 del 23 ottobre 2003.<\/p>\n<p>Questa Ambasciata verificher\u00e0, altres\u00ec, che nello statuto non vi sia alcun riferimento alla partecipazione \u2013 anche a solo titolo onorario \u2013 agli organi dell\u2019ente di rappresentanti dell\u2019Ambasciata, dei Consolati onorari o dell\u2019Istituto di Cultura operanti in Egitto.<\/p>\n<p>Si delineano inoltre qui di seguito alcune delle principali novit\u00e0 apportate dalla Circolare ministeriale n. 4 dell\u20198 marzo 2022 che gli Enti Gestori interessati all\u2019organizzazione di corsi di lingua e cultura italiana dovranno prendere in considerazione in fase di richiesta di contributo a valere sul capitolo 3153:<\/p>\n<p>\u00b7 gli enti devono presentare un progetto avente come obiettivo\/i la promozione della lingua e della cultura italiana che illustri il piano delle attivit\u00e0 che l\u2019ente intende svolgere e i risultati da raggiungere: gli obiettivi devono essere misurabili e verificabili;<\/p>\n<p>\u00b7 i progetti avranno come base temporale di attuazione l\u2019anno scolastico (es.: 1 settembre 2023 \u2013 31 agosto 2024) ma potranno avere anche durata biennale, con erogazioni suddivise in pi\u00f9 tranches collegate alla competenza di ciascun esercizio finanziario e all\u2019andamento delle attivit\u00e0 didattiche;<\/p>\n<p>\u00b7 gli enti richiedenti sono invitati a concorrere con risorse proprie ai costi dei progetti presentati;<\/p>\n<p>\u00b7 le attivit\u00e0 che possono essere oggetto di contributo ministeriale attengono ai segmenti scolastici sino alla scuola secondaria di secondo grado;<\/p>\n<p>\u00b7 sono esclusi dal sostegno ministeriale i corsi per adulti, dal momento che esulano dal perimento normativo di riferimento costituito dal Decreto Legislativo n. 64\/2017 sulla Scuola italiana all\u2019estero;<\/p>\n<p>Per l\u2019anno scolastico 24\/25 e successivi gli Enti presentano a questa Ambasciata, entro il 15 ottobre dell\u2019anno precedente a quello di riferimento (a.s. 2024\/2025 entro il 15 ottobre 2023), un progetto e una richiesta di contributo sempre secondo le nuove regole ed utilizzando la modulistica specifica che sar\u00e0 messa a disposizione.<\/p>\n<p>Per ogni richiesta di informazioni rivolgersi a Ufficio Scuole:<\/p>\n<p>Dirigente scolastico &#8211; prof.ssa Annalisa Wagner<\/p>\n<p><a href=\"mailto:cairo.ufficioscuole@esteri.it\">cairo.ufficioscuole@esteri.it<\/a><\/p>\n<p>Documenti e modulistica:<\/p>\n<ul>\n<li><a href=\"https:\/\/ambilcairo.esteri.it\/wp-content\/uploads\/2024\/01\/circolare-4_2022.pdf\">Circolare del MAECI n.4 dell\u20198 marzo 2022<\/a><\/li>\n<li><a href=\"https:\/\/ambilcairo.esteri.it\/wp-content\/uploads\/2024\/01\/decreto_scuole_firmato.pdf\">Decreto_scuole_firmato<\/a><\/li>\n<li><a href=\"https:\/\/ambilcairo.esteri.it\/wp-content\/uploads\/2024\/01\/richiesta_iscrizione_allalbo_consolare_degli_enti_gestori_ai_sensi_circ._4_2022.docx\">Richiesta iscrizione all\u2019Albo consolare degli Enti gestori<\/a><\/li>\n<li><a href=\"https:\/\/ambilcairo.esteri.it\/wp-content\/uploads\/2024\/01\/anagrafica_dellente_richiedente_ai_sensi_circ._4_2022.pdf\">Anagrafica dell\u2019Ente richiedente<\/a><\/li>\n<li><a href=\"https:\/\/ambilcairo.esteri.it\/wp-content\/uploads\/2024\/01\/albo_consolare_degli_enti_gestori_-_il_cairo.docx\">Albo consolare degli Enti gestori istituito presso l\u2019Ambasciata d\u2019Italia a Il Cairo<\/a><\/li>\n<\/ul>\n","protected":false},"excerpt":{"rendered":"ALBO CONSOLARE DEGLI ENTI GESTORI DI INIZIATIVE A FAVORE DELLA LINGUA E DELLA CULTURA ITALIANA Costituzione Albo consolare degli Enti Gestori di iniziative a favore della lingua e della cultura italiana di cui all\u2019articolo 10 del Decreto Legislativo n. 64\/2017 \u2013 Richiesta di contributo ministeriale a valere sul capitolo 3153 \u2013 Iscrizioni entro il 30 [&hellip;]","protected":false},"author":8,"featured_media":0,"parent":101,"menu_order":0,"comment_status":"closed","ping_status":"closed","template":"","meta":{"footnotes":""},"class_list":["post-287","page","type-page","status-publish","hentry"],"_links":{"self":[{"href":"https:\/\/ambilcairo.esteri.it\/it\/wp-json\/wp\/v2\/pages\/287","targetHints":{"allow":["GET"]}}],"collection":[{"href":"https:\/\/ambilcairo.esteri.it\/it\/wp-json\/wp\/v2\/pages"}],"about":[{"href":"https:\/\/ambilcairo.esteri.it\/it\/wp-json\/wp\/v2\/types\/page"}],"author":[{"embeddable":true,"href":"https:\/\/ambilcairo.esteri.it\/it\/wp-json\/wp\/v2\/users\/8"}],"replies":[{"embeddable":true,"href":"https:\/\/ambilcairo.esteri.it\/it\/wp-json\/wp\/v2\/comments?post=287"}],"version-history":[{"count":3,"href":"https:\/\/ambilcairo.esteri.it\/it\/wp-json\/wp\/v2\/pages\/287\/revisions"}],"predecessor-version":[{"id":2493,"href":"https:\/\/ambilcairo.esteri.it\/it\/wp-json\/wp\/v2\/pages\/287\/revisions\/2493"}],"up":[{"embeddable":true,"href":"https:\/\/ambilcairo.esteri.it\/it\/wp-json\/wp\/v2\/pages\/101"}],"wp:attachment":[{"href":"https:\/\/ambilcairo.esteri.it\/it\/wp-json\/wp\/v2\/media?parent=287"}],"curies":[{"name":"wp","href":"https:\/\/api.w.org\/{rel}","templated":true}]}}