{"id":316,"date":"2023-10-26T14:41:33","date_gmt":"2023-10-26T11:41:33","guid":{"rendered":"https:\/\/ambilcairo.esteri.it\/?page_id=316"},"modified":"2025-12-08T16:52:11","modified_gmt":"2025-12-08T13:52:11","slug":"ingresso-in-egitto-sicurezza","status":"publish","type":"page","link":"https:\/\/ambilcairo.esteri.it\/it\/servizi-consolari-e-visti\/servizi-per-il-cittadino-italiano\/ingresso-in-egitto-sicurezza\/","title":{"rendered":"Ingresso in Egitto &#8211; Sicurezza"},"content":{"rendered":"<p>Per l\u2019ingresso in Egitto \u00e8 necessario il Passaporto con validit\u00e0 residua di almeno 6 (sei) mesi alla data di arrivo nel Paese.<\/p>\n<p>In alternativa, solo per ragioni di turismo, \u00e8 possibile l&#8217;ingresso nel Paese con Carta di Identit\u00e0 valida per l\u2019espatrio che abbia una validit\u00e0 residua superiore ai 6 (sei) mesi, accompagnata da due foto formato tessera che devono essere portate dall\u2019Italia.<\/p>\n<p>Il visto di ingresso \u00e8 obbligatorio, da richiedere presso i Consolati e l\u2019Ambasciata d&#8217;Egitto oppure &#8211; solo in caso di turismo &#8211; direttamente negli aeroporti egiziani, alle Autorit\u00e0 di frontiera all\u2019arrivo nel Paese, per una permanenza massima di 28 giorni, dietro pagamento di 25 Dollari USA in contanti o ammontare equivalente in Euro in contanti.<\/p>\n<p>Per informazioni di viaggio (sicurezza, clima, situazione sanitaria, approfondimenti sulla documentazione necessaria per l\u2019ingresso nel Paese, numeri utili) si invita a consultare il sito <a href=\"https:\/\/www.viaggiaresicuri.it\/find-country\/country\/EGY\">https:\/\/www.viaggiaresicuri.it\/find-country\/country\/EGY<\/a> , realizzato dal Ministero degli affari esteri e della Cooperazione Internazionale e aggiornato in tempo reale tenendo conto dell\u2019evolversi della situazione locale.<\/p>\n<p>Prima della partenza, si consiglia la registrazione nel sito\u00a0<a href=\"http:\/\/www.dovesiamonelmondo.it\/\">DOVE SIAMO NEL MONDO<\/a>, servizio del Ministero degli Affari Esteri e della Cooperazione Internazionale che consente agli italiani che si recano temporaneamente all&#8217;estero di segnalare &#8211; su base volontaria &#8211; i dati personali, al fine di pianificare con maggiore rapidit\u00e0 e precisione interventi di soccorso.<\/p>\n<p>In caso di particolare emergenza e gravit\u00e0, l\u2019Ambasciata d\u2019Italia al Cairo \u00e8 a disposizione dei cittadini italiani in Egitto.\u00a0Si invita a consultare la pagina <a href=\"https:\/\/ambilcairo.esteri.it\/it\/servizi-consolari-e-visti\/servizi-per-il-cittadino-italiano\/assistenza-ai-cittadini-allestero\/\">Assistenza ai connazionali all&#8217;estero. <\/a>Si ricorda che, in caso di gravi emergenze, l\u2019ambasciata e la rete consolare sono chiamati ad intervenire a tutela degli interessi italiani. Per consentire alle istituzioni di svolgere i propri compiti istituzionali con efficienza e tempestivit\u00e0, si invita ad evitare di sovraccaricare le linee telefoniche. In tali occasioni, l\u2019Unit\u00e0 di crisi della Farnesina (+39-0636225) \u00e8 sempre a disposizione per fornire informazioni e indicazioni utili.<\/p>\n<p>L&#8217;Ambasciata dispone inoltre di un\u00a0<a href=\"https:\/\/ambilcairo.esteri.it\/it\/servizi-consolari-e-visti\/servizi-per-il-cittadino-italiano\/ingresso-in-egitto-sicurezza\/sistema-di-allerta-via-sms\/\">sistema di invio automatico di SMS<\/a> destinato ai connazionali presenti in Egitto che abbiano chiesto la registrazione del proprio numero di telefono cellulare egiziano (inviando e-mail all&#8217;Ambasciata in tal senso).<\/p>\n","protected":false},"excerpt":{"rendered":"Per l\u2019ingresso in Egitto \u00e8 necessario il Passaporto con validit\u00e0 residua di almeno 6 (sei) mesi alla data di arrivo nel Paese. In alternativa, solo per ragioni di turismo, \u00e8 possibile l&#8217;ingresso nel Paese con Carta di Identit\u00e0 valida per l\u2019espatrio che abbia una validit\u00e0 residua superiore ai 6 (sei) mesi, accompagnata da due foto [&hellip;]","protected":false},"author":8,"featured_media":0,"parent":47,"menu_order":55,"comment_status":"closed","ping_status":"closed","template":"","meta":{"footnotes":""},"class_list":["post-316","page","type-page","status-publish","hentry"],"_links":{"self":[{"href":"https:\/\/ambilcairo.esteri.it\/it\/wp-json\/wp\/v2\/pages\/316","targetHints":{"allow":["GET"]}}],"collection":[{"href":"https:\/\/ambilcairo.esteri.it\/it\/wp-json\/wp\/v2\/pages"}],"about":[{"href":"https:\/\/ambilcairo.esteri.it\/it\/wp-json\/wp\/v2\/types\/page"}],"author":[{"embeddable":true,"href":"https:\/\/ambilcairo.esteri.it\/it\/wp-json\/wp\/v2\/users\/8"}],"replies":[{"embeddable":true,"href":"https:\/\/ambilcairo.esteri.it\/it\/wp-json\/wp\/v2\/comments?post=316"}],"version-history":[{"count":6,"href":"https:\/\/ambilcairo.esteri.it\/it\/wp-json\/wp\/v2\/pages\/316\/revisions"}],"predecessor-version":[{"id":4219,"href":"https:\/\/ambilcairo.esteri.it\/it\/wp-json\/wp\/v2\/pages\/316\/revisions\/4219"}],"up":[{"embeddable":true,"href":"https:\/\/ambilcairo.esteri.it\/it\/wp-json\/wp\/v2\/pages\/47"}],"wp:attachment":[{"href":"https:\/\/ambilcairo.esteri.it\/it\/wp-json\/wp\/v2\/media?parent=316"}],"curies":[{"name":"wp","href":"https:\/\/api.w.org\/{rel}","templated":true}]}}