{"id":322,"date":"2023-10-26T14:47:02","date_gmt":"2023-10-26T11:47:02","guid":{"rendered":"https:\/\/ambilcairo.esteri.it\/?page_id=322"},"modified":"2025-12-08T16:41:42","modified_gmt":"2025-12-08T13:41:42","slug":"autocertificazione","status":"publish","type":"page","link":"https:\/\/ambilcairo.esteri.it\/it\/servizi-consolari-e-visti\/servizi-per-il-cittadino-italiano\/autocertificazione\/","title":{"rendered":"Autocertificazione"},"content":{"rendered":"<p>Il 1 gennaio 2012 sono entrate in vigore le nuove disposizioni in materia di certificati e di dichiarazioni sostitutive, di cui all\u2019art. 15 della legge 12 novembre 2011 n. 183. A decorrere da tale data i certificati hanno pertanto validit\u00e0 solo nei rapporti tra privati, mentre le Amministrazioni Pubbliche non possono pi\u00f9 chiedere o accettare i certificati contenenti informazioni gi\u00e0 in possesso\u00a0 della P.A., che devono essere sempre sostituiti da autocertificazioni.<\/p>\n<p>Esempi di autocertificazione<br \/>\n<a href=\"https:\/\/ambilcairo.esteri.it\/resource\/2012\/06\/58299_f_amb61Autocertificazionepertuttelematerieautocertificabi.pdf\">Autocertificazione per tutte le materie autocertificabili a norma di legge<br \/>\n<\/a><a href=\"https:\/\/ambilcairo.esteri.it\/resource\/2012\/06\/58301_f_amb61DichiarazionesostitutivadiCertificazioniexart46.doc\">Autocertificazione singola<br \/>\n<\/a><a href=\"https:\/\/ambilcairo.esteri.it\/resource\/2012\/06\/58302_f_amb61Dichiarazionesostitutivadiattodinotorieta.pdf\">Dichiarazione sostitutiva di atto di notorieta&#8217;<\/a><\/p>\n<p><a href=\"http:\/\/www.esteri.it\/MAE\/IT\/Italiani_nel_Mondo\/ServiziConsolari\/Autocertificazione.htm\">Link informazioni generali<\/a><\/p>\n","protected":false},"excerpt":{"rendered":"Il 1 gennaio 2012 sono entrate in vigore le nuove disposizioni in materia di certificati e di dichiarazioni sostitutive, di cui all\u2019art. 15 della legge 12 novembre 2011 n. 183. A decorrere da tale data i certificati hanno pertanto validit\u00e0 solo nei rapporti tra privati, mentre le Amministrazioni Pubbliche non possono pi\u00f9 chiedere o accettare [&hellip;]","protected":false},"author":8,"featured_media":0,"parent":47,"menu_order":0,"comment_status":"closed","ping_status":"closed","template":"","meta":{"footnotes":""},"class_list":["post-322","page","type-page","status-publish","hentry"],"_links":{"self":[{"href":"https:\/\/ambilcairo.esteri.it\/it\/wp-json\/wp\/v2\/pages\/322","targetHints":{"allow":["GET"]}}],"collection":[{"href":"https:\/\/ambilcairo.esteri.it\/it\/wp-json\/wp\/v2\/pages"}],"about":[{"href":"https:\/\/ambilcairo.esteri.it\/it\/wp-json\/wp\/v2\/types\/page"}],"author":[{"embeddable":true,"href":"https:\/\/ambilcairo.esteri.it\/it\/wp-json\/wp\/v2\/users\/8"}],"replies":[{"embeddable":true,"href":"https:\/\/ambilcairo.esteri.it\/it\/wp-json\/wp\/v2\/comments?post=322"}],"version-history":[{"count":2,"href":"https:\/\/ambilcairo.esteri.it\/it\/wp-json\/wp\/v2\/pages\/322\/revisions"}],"predecessor-version":[{"id":490,"href":"https:\/\/ambilcairo.esteri.it\/it\/wp-json\/wp\/v2\/pages\/322\/revisions\/490"}],"up":[{"embeddable":true,"href":"https:\/\/ambilcairo.esteri.it\/it\/wp-json\/wp\/v2\/pages\/47"}],"wp:attachment":[{"href":"https:\/\/ambilcairo.esteri.it\/it\/wp-json\/wp\/v2\/media?parent=322"}],"curies":[{"name":"wp","href":"https:\/\/api.w.org\/{rel}","templated":true}]}}