{"id":352,"date":"2023-10-26T15:09:18","date_gmt":"2023-10-26T12:09:18","guid":{"rendered":"https:\/\/ambilcairo.esteri.it\/?page_id=352"},"modified":"2025-12-08T16:41:50","modified_gmt":"2025-12-08T13:41:50","slug":"informativa-sulla-protezione-delle-persone-fisiche","status":"publish","type":"page","link":"https:\/\/ambilcairo.esteri.it\/it\/servizi-consolari-e-visti\/servizi-per-il-cittadino-italiano\/informativa-sulla-protezione-delle-persone-fisiche\/","title":{"rendered":"Informativa sulla protezione delle persone fisiche"},"content":{"rendered":"<div class=\"sr-only\"><strong>Informativa sulla protezione delle persone fisiche con riguardo al trattamento dei dati personali a fini istituzionali per la fornitura dei servizi di competenza (Regolamento Generale sulla Protezione dei Dati (UE) 2016\/679, art. 13)<\/strong><\/div>\n<div>\n<p>Il trattamento dei dati personali sar\u00e0 improntato ai principi di liceit\u00e0, correttezza e trasparenza a tutela dei diritti e delle libert\u00e0 fondamentali delle persone fisiche.<br \/>\nCome appresso specificato, i servizi sono destinati ai cittadini italiani e, se del caso, stranieri, residenti nella circoscrizione consolare dell\u2019Ambasciata d\u2019Italia al Cairo e\/o temporaneamente presenti nella predetta circoscrizione.<br \/>\nA tal fine, si forniscono le seguenti informazioni:<\/p>\n<p>1. Il titolare del trattamento \u00e8 il Ministero degli Affari Esteri e della Cooperazione internazionale della Repubblica italiana (MAECI) il quale agisce, nel caso specifico, per il tramite dell\u2019Ambasciata d\u2019Italia al Cairo, i cui recapiti sono i seguenti: indirizzo 15, Abdel Rahman Fahmy Str. \u2013 Cap. 11451 Garden City \u2013 Cairo; telefono 002 02 2794 7541, mail:\u00a0<a href=\"mailto:ambasciata.cairo@esteri.it\">ambasciata.cairo@esteri.it<\/a>; pec:\u00a0<a href=\"mailto:amb.ilcairo@cert.esteri.it\">amb.ilcairo@cert.esteri.it<\/a><\/p>\n<p>2. Per quesiti o reclami, l\u2019interessato pu\u00f2 contattare il Responsabile della Protezione dei Dati personali (RPD) del MAECI (Ministero degli Affari Esteri e della Cooperazione internazionale, Piazzale della Farnesina 1, 00135 ROMA, telefono: 0039 06 36911 (centralino), mail:\u00a0<a href=\"mailto:rpd@esteri.it\">rpd@esteri.it<\/a>, pec:\u00a0<a href=\"mailto:rpd@cert.esteri.it\">rpd@cert.esteri.it<\/a>).<\/p>\n<p>3. I dati personali trattati hanno come unica finalit\u00e0 l\u2019esercizio delle funzioni relative alla fornitura dei servizi di competenza ed al normale disbrigo delle questioni di carattere diplomatico \u2013 consolare.<\/p>\n<p>4. Il conferimento dei dati nell\u2019ambito delle attivit\u00e0 istituzionali dell\u2019Ambasciata \u00e8 per legge obbligatorio. L\u2019eventuale rifiuto comporta la mancata erogazione del servizio.<\/p>\n<p>5. Il trattamento dei dati, svolto da personale appositamente incaricato, sar\u00e0 effettuato in modalit\u00e0 mista, manuale ed automatizzata. Di conseguenza, l\u2019interessato non sar\u00e0 mai destinatario di una decisione basata unicamente sul trattamento automatizzato dei propri dati.<\/p>\n<p>6. I dati saranno comunicati ai soggetti previsti dalla normativa italiana di riferimento, nelle modalit\u00e0 che verranno di volta in volta comunicate dai settori di servizi dell\u2019Ambasciata.<\/p>\n<p>7. I dati saranno conservati a tempo indeterminato, per motivi di certezza giuridica e per il rilascio di certificazioni, fatta eccezione per le impronte digitali raccolte per il passaporto elettronico, le quali sono conservate il tempo strettamente necessario per il rilascio del documento e, comunque, per un periodo massimo di trenta giorni.<\/p>\n<p>8. L\u2019interessato pu\u00f2 chiedere l\u2019accesso ai propri dati personali e, alle condizioni previste dalla normativa vigente, la loro rettifica. Nei limiti di legge e fatte salve le conseguenze sull\u2019erogazione dei servizi consolari, egli pu\u00f2 altres\u00ec chiedere la limitazione del trattamento o l\u2019opposizione al trattamento. In questi casi, l\u2019interessato dovr\u00e0 rivolgersi all\u2019Ambasciata d\u2019Italia al Cairo, informando per conoscenza l\u2019RPD del MAECI.<\/p>\n<p>9. Se ritiene che i suoi diritti siano stati violati, l\u2019interessato pu\u00f2 presentare un reclamo all\u2019RPD del MAECI. In alternativa, pu\u00f2 rivolgersi al Garante per la Protezione dei Dati personali (Piazza di Monte Citorio 121, 00186 ROMA, tel. 0039 06 696771 (centralino), mail:\u00a0<a href=\"mailto:garante@gpdp.it\">garante@gpdp.it<\/a>, pec:\u00a0<a href=\"mailto:protocollo@pec.gpdp.it\">protocollo@pec.gpdp.it<\/a>).<\/p>\n<\/div>\n","protected":false},"excerpt":{"rendered":"Informativa sulla protezione delle persone fisiche con riguardo al trattamento dei dati personali a fini istituzionali per la fornitura dei servizi di competenza (Regolamento Generale sulla Protezione dei Dati (UE) 2016\/679, art. 13) Il trattamento dei dati personali sar\u00e0 improntato ai principi di liceit\u00e0, correttezza e trasparenza a tutela dei diritti e delle libert\u00e0 fondamentali [&hellip;]","protected":false},"author":8,"featured_media":0,"parent":47,"menu_order":0,"comment_status":"closed","ping_status":"closed","template":"","meta":{"footnotes":""},"class_list":["post-352","page","type-page","status-publish","hentry"],"_links":{"self":[{"href":"https:\/\/ambilcairo.esteri.it\/it\/wp-json\/wp\/v2\/pages\/352","targetHints":{"allow":["GET"]}}],"collection":[{"href":"https:\/\/ambilcairo.esteri.it\/it\/wp-json\/wp\/v2\/pages"}],"about":[{"href":"https:\/\/ambilcairo.esteri.it\/it\/wp-json\/wp\/v2\/types\/page"}],"author":[{"embeddable":true,"href":"https:\/\/ambilcairo.esteri.it\/it\/wp-json\/wp\/v2\/users\/8"}],"replies":[{"embeddable":true,"href":"https:\/\/ambilcairo.esteri.it\/it\/wp-json\/wp\/v2\/comments?post=352"}],"version-history":[{"count":3,"href":"https:\/\/ambilcairo.esteri.it\/it\/wp-json\/wp\/v2\/pages\/352\/revisions"}],"predecessor-version":[{"id":355,"href":"https:\/\/ambilcairo.esteri.it\/it\/wp-json\/wp\/v2\/pages\/352\/revisions\/355"}],"up":[{"embeddable":true,"href":"https:\/\/ambilcairo.esteri.it\/it\/wp-json\/wp\/v2\/pages\/47"}],"wp:attachment":[{"href":"https:\/\/ambilcairo.esteri.it\/it\/wp-json\/wp\/v2\/media?parent=352"}],"curies":[{"name":"wp","href":"https:\/\/api.w.org\/{rel}","templated":true}]}}