{"id":366,"date":"2023-10-30T10:16:25","date_gmt":"2023-10-30T07:16:25","guid":{"rendered":"https:\/\/ambilcairo.esteri.it\/?page_id=366"},"modified":"2023-10-30T10:16:25","modified_gmt":"2023-10-30T07:16:25","slug":"accreditamento-corrispondenti-permanenti","status":"publish","type":"page","link":"https:\/\/ambilcairo.esteri.it\/it\/news\/sala-stampa\/accreditamento-corrispondenti-permanenti\/","title":{"rendered":"Accreditamento corrispondenti permanenti"},"content":{"rendered":"<p class=\"boxLevel03\"><strong>Accreditamento dei corrispondenti permanenti<\/strong><\/p>\n<p align=\"justify\">Ai fini dell\u2019accreditamento permanente in Egitto \u00e8 necessaria una lettera richiedente l\u2019accreditamento permanente da parte del giornale, agenzia o emittente radio televisiva di appartenenza, legalizzata dall\u2019Ambasciata della Repubblica Araba d\u2019Egitto a Roma ovvero dall\u2019autorit\u00e0 sovrintendente i media (ad. es Ordine dei giornalisti). All\u2019arrivo in Egitto il corrispondente dovr\u00e0 rivolgersi al Centro Stampa Internazionale (Cairo Press Center) presso la sede della televisione egiziana (Egyptian Radio and Television Unit) dove richieder\u00e0 un accreditamento temporaneo presentando il Curriculum Vitae, due fototessere e una scheda informativa sul giornale, agenzia o emittente radio televisiva di appartenenza. L\u2019accreditamento temporaneo \u00e8 il primo passo, propedeutico all\u2019accreditamento definitivo che comporta l\u2019ottenimento delle necessarie autorizzazioni di sicurezza. Al corrispondente verr\u00e0 quindi concesso un tesserino stampa temporaneo della validit\u00e0 di tre mesi che consentir\u00e0 il rilascio di un visto di soggiorno provvisorio. Dopo l\u2019accreditamento permanente, al corrispondente verr\u00e0 concesso un tesserino stampa permanente da rinnovare annualmente presso il Centro Stampa. Il corrispondente usufruir\u00e0 delle agevolazioni doganali e mediatiche presentate dal Centro Stampa per i corrispondenti stranieri in Egitto.<\/p>\n<p><strong>Nota importante<\/strong><br \/>\nL&#8217;Ambasciata d&#8217;Italia al Cairo non si assume alcuna responsabilit\u00e0 in merito alle informazioni contenute in questa pagina riguardanti le procedure di accreditamento dei giornalisti italiani in missione in Egitto. Tali procedure sono infatti fissate dalle autorit\u00e0 egiziane e possono essere da queste modificate senza preavviso, pertanto si raccomanda di verificarle contattando direttamente le autorit\u00e0 egiziane competenti.<\/p>\n","protected":false},"excerpt":{"rendered":"Accreditamento dei corrispondenti permanenti Ai fini dell\u2019accreditamento permanente in Egitto \u00e8 necessaria una lettera richiedente l\u2019accreditamento permanente da parte del giornale, agenzia o emittente radio televisiva di appartenenza, legalizzata dall\u2019Ambasciata della Repubblica Araba d\u2019Egitto a Roma ovvero dall\u2019autorit\u00e0 sovrintendente i media (ad. es Ordine dei giornalisti). All\u2019arrivo in Egitto il corrispondente dovr\u00e0 rivolgersi al Centro [&hellip;]","protected":false},"author":8,"featured_media":0,"parent":361,"menu_order":0,"comment_status":"closed","ping_status":"closed","template":"","meta":{"footnotes":""},"class_list":["post-366","page","type-page","status-publish","hentry"],"_links":{"self":[{"href":"https:\/\/ambilcairo.esteri.it\/it\/wp-json\/wp\/v2\/pages\/366","targetHints":{"allow":["GET"]}}],"collection":[{"href":"https:\/\/ambilcairo.esteri.it\/it\/wp-json\/wp\/v2\/pages"}],"about":[{"href":"https:\/\/ambilcairo.esteri.it\/it\/wp-json\/wp\/v2\/types\/page"}],"author":[{"embeddable":true,"href":"https:\/\/ambilcairo.esteri.it\/it\/wp-json\/wp\/v2\/users\/8"}],"replies":[{"embeddable":true,"href":"https:\/\/ambilcairo.esteri.it\/it\/wp-json\/wp\/v2\/comments?post=366"}],"version-history":[{"count":1,"href":"https:\/\/ambilcairo.esteri.it\/it\/wp-json\/wp\/v2\/pages\/366\/revisions"}],"predecessor-version":[{"id":367,"href":"https:\/\/ambilcairo.esteri.it\/it\/wp-json\/wp\/v2\/pages\/366\/revisions\/367"}],"up":[{"embeddable":true,"href":"https:\/\/ambilcairo.esteri.it\/it\/wp-json\/wp\/v2\/pages\/361"}],"wp:attachment":[{"href":"https:\/\/ambilcairo.esteri.it\/it\/wp-json\/wp\/v2\/media?parent=366"}],"curies":[{"name":"wp","href":"https:\/\/api.w.org\/{rel}","templated":true}]}}