{"id":368,"date":"2023-10-30T10:17:24","date_gmt":"2023-10-30T07:17:24","guid":{"rendered":"https:\/\/ambilcairo.esteri.it\/?page_id=368"},"modified":"2025-11-24T13:35:35","modified_gmt":"2025-11-24T10:35:35","slug":"accreditamento-temporaneo","status":"publish","type":"page","link":"https:\/\/ambilcairo.esteri.it\/it\/news\/sala-stampa\/accreditamento-temporaneo\/","title":{"rendered":"Accreditamento temporaneo"},"content":{"rendered":"<p class=\"boxLevel03\"><strong>Accreditamento temporaneo<\/strong><\/p>\n<p align=\"justify\">Le formalit\u00e0 per l&#8217;accreditamento devono essere effettuate almeno tre settimane in anticipo tramite il Servizio Stampa dell\u2019Ambasciata della Repubblica Araba d\u2019Egitto a Roma. E\u2019 necessaria una lettera del giornale, agenzia o emittente radio-televisiva indirizzata al Direttore del Centro Stampa Internazionale del Cairo con l\u2019indicazione di:<\/p>\n<ul>\n<li>Nome<\/li>\n<li>Cognome<\/li>\n<li>Cittadinanza<\/li>\n<li>Numero di passaporto<\/li>\n<li>Durata e scopo della visita<\/li>\n<li>Elenco del materiale audio video in caso di troupe televisive<\/li>\n<\/ul>\n<p align=\"justify\">L\u2019interessato dovr\u00e0 portare con se due fotografie formato tessera. Saranno inoltre necessari passaporto (o carta d&#8217;identit\u00e0 con due fotografie recenti formato tessera) e visto validi (il visto pu\u00f2 essere ottenuto all&#8217;aeroporto all&#8217;arrivo in Egitto previo pagamento della tassa d&#8217;ingresso) ed il tesserino stampa. E\u2019 importante rispettare la validit\u00e0 del visto e della carta d\u2019accredito temporanea.<\/p>\n<p align=\"justify\">Si attira l\u2019attenzione sul rispetto di tutte le\u00a0<a href=\"https:\/\/ambilcairo.esteri.it\/it\/news\/sala-stampa\/autorizzazioni-per-le-riprese\/\">formalit\u00e0 necessarie ai fini delle riprese televisive<\/a>, sia in arrivo che in partenza.<\/p>\n<p align=\"justify\">Si segnala l\u2019opportunit\u00e0 di informare l\u2019Ufficio Stampa dell\u2019Ambasciata d\u2019Italia al Cairo contestualmente all\u2019avvio delle pratiche con il Servizio Stampa dell\u2019Ambasciata della Repubblica Araba d\u2019Egitto a Roma.<br \/>\nTutte le attivit\u00e0 in provincia, specialmente in aree a rischio o in zone militari, devono essere segnalate al Centro Stampa affinch\u00e9 vengano predisposte misure di sicurezza adeguate (accompagnamento o scorta).<\/p>\n<p><strong>Nota importante<\/strong><br \/>\nL&#8217;Ambasciata d&#8217;Italia non si assume alcuna responsabilit\u00e0 in merito alle informazioni contenute in questa pagina riguardanti le procedure di accreditamento dei giornalisti italiani in missione in Egitto. Tali procedure sono, infatti, fissate dalle autorit\u00e0 egiziane e possono essere da queste modificate senza preavviso, pertanto si raccomanda di verificarle contattando direttamente le autorit\u00e0 egiziane competenti.<\/p>\n<p>Si ricorda che le riprese video-fotografiche di siti militari, manifestazioni, sono vietate; in ogni caso, considerate le attuali problematiche di sicurezza nel Paese, si raccomanda particolare prudenza.<\/p>\n","protected":false},"excerpt":{"rendered":"Accreditamento temporaneo Le formalit\u00e0 per l&#8217;accreditamento devono essere effettuate almeno tre settimane in anticipo tramite il Servizio Stampa dell\u2019Ambasciata della Repubblica Araba d\u2019Egitto a Roma. E\u2019 necessaria una lettera del giornale, agenzia o emittente radio-televisiva indirizzata al Direttore del Centro Stampa Internazionale del Cairo con l\u2019indicazione di: Nome Cognome Cittadinanza Numero di passaporto Durata e [&hellip;]","protected":false},"author":8,"featured_media":0,"parent":361,"menu_order":0,"comment_status":"closed","ping_status":"closed","template":"","meta":{"footnotes":""},"class_list":["post-368","page","type-page","status-publish","hentry"],"_links":{"self":[{"href":"https:\/\/ambilcairo.esteri.it\/it\/wp-json\/wp\/v2\/pages\/368","targetHints":{"allow":["GET"]}}],"collection":[{"href":"https:\/\/ambilcairo.esteri.it\/it\/wp-json\/wp\/v2\/pages"}],"about":[{"href":"https:\/\/ambilcairo.esteri.it\/it\/wp-json\/wp\/v2\/types\/page"}],"author":[{"embeddable":true,"href":"https:\/\/ambilcairo.esteri.it\/it\/wp-json\/wp\/v2\/users\/8"}],"replies":[{"embeddable":true,"href":"https:\/\/ambilcairo.esteri.it\/it\/wp-json\/wp\/v2\/comments?post=368"}],"version-history":[{"count":4,"href":"https:\/\/ambilcairo.esteri.it\/it\/wp-json\/wp\/v2\/pages\/368\/revisions"}],"predecessor-version":[{"id":4377,"href":"https:\/\/ambilcairo.esteri.it\/it\/wp-json\/wp\/v2\/pages\/368\/revisions\/4377"}],"up":[{"embeddable":true,"href":"https:\/\/ambilcairo.esteri.it\/it\/wp-json\/wp\/v2\/pages\/361"}],"wp:attachment":[{"href":"https:\/\/ambilcairo.esteri.it\/it\/wp-json\/wp\/v2\/media?parent=368"}],"curies":[{"name":"wp","href":"https:\/\/api.w.org\/{rel}","templated":true}]}}