{"id":42,"date":"2023-04-11T18:08:31","date_gmt":"2023-04-11T16:08:31","guid":{"rendered":"https:\/\/ambasciatapraga.esteri.it\/?page_id=42"},"modified":"2026-02-18T23:27:41","modified_gmt":"2026-02-18T20:27:41","slug":"la-rete-consolare","status":"publish","type":"page","link":"https:\/\/ambilcairo.esteri.it\/it\/chi-siamo\/la-rete-consolare\/","title":{"rendered":"La Rete Consolare"},"content":{"rendered":"<p><strong>Cancelleria Consolare al Cairo<\/strong><\/p>\n<p>Capo Cancelleria: Primo Segretario GIULIA DE NARDIS<br \/>\nIndirizzo: Nile City Towers, Torre Sud,\u00a0 7\u00b0 piano. 2005 Corniche El Nil, Ramlet Boulaq, Boulaq, Cairo.<br \/>\nTel.: +20 (0) 2.2461.9680 \/ +20 (0) 2.2461.9681<br \/>\nE-mail:\u00a0<a href=\"mailto:consolare.cairo@esteri.it\">consolare.cairo@esteri.it<\/a><br \/>\nIl Centralino del Cancelleria Consolare \u00e8 raggiungibile dalle 8 alle 18 tranne il venerd\u00ec e sabato, e giorni festivi.<\/p>\n<p>Circoscrizione consolare: Governatorati di Giza, Cairo, Fayoum, Minya, Beni Suef, Suez, Sud Sinai, Menufia, Kaliubia Assiut, Sohag, Aswan, Mar Rosso, Valle Nuova, Kena. Governatorati di Alessandria, Marsa Matrouh, Kafr el Sheik, Damietta, Dakalia, Mansoura, Sharkeia, Zagazig, Porto Said, Ismailia, Beheirah, Damanhour, Nord Sinai\/Al Arish.<\/p>\n<p>Dalla Cancelleria Consolare al Cairo dipendono anche il Consolato Onorario di Alessandria, il Consolato Onorario a Sharm El Sheikh, il Vice Consolato Onorario a Luxor e il Vice Consolato Onorario a Hurghada.<\/p>\n<p>Orari di apertura al pubblico:<\/p>\n<ul>\n<li>Sportelli consolari (AIRE, Ufficio Passaporti, ecc): domenica, luned\u00ec, marted\u00ec, mercoled\u00ec, dalle ore 9:00 alle ore 12:00<\/li>\n<li>Ufficio visti: risponde inoltre tutti i giorni (escluso il venerd\u00ec ed il sabato) dalle ore 13.00 alle ore 15.00 per qualsiasi informazione in materia.<\/li>\n<li>Ufficio legalizzazioni: si riceve luned\u00ec dalle 12.30 alle 15.30 e marted\u00ec e gioved\u00ec dalle 8.30 alle 12.00 su appuntamento tramite servizio di call center (tel. 090070678). Il costo al minuto \u00e8 di 2 lire egiziane.<\/li>\n<li>Dichiarazioni di Valore: Tutti i marted\u00ec dalle ore 9.00 alle ore 11.00<\/li>\n<\/ul>\n<p><strong>Consolati onorari dipendenti<\/strong><\/p>\n<p><strong>Alessandria<br \/>\n<\/strong>Console Onorario: Mario De Pasquale<br \/>\n25, Midan Saad Zaghloul, Mahatet El Raml Alessandria<br \/>\nTel.: +20 (0)1200001720 \/ +20 (0)3 4877000 \/ +20 (0)2 27730109 \/ +20(0)27730119<br \/>\nE-mail:\u00a0<a href=\"mailto:alessandria.onorario@esteri.it\">alessandria.onorario@esteri.it<\/a><a href=\"mailto:alessandria.onorario@esteri.it\"><br \/>\n<\/a>Orari: da Domenica a Gioved\u00ec dalle 09.00 alle 14.00<\/p>\n<p><strong>Sharm El Sheikh<br \/>\n<\/strong>Console Onorario: Cav. Fabio Brucini<br \/>\nDomina Coral Bay &#8211; Main Reception Building &#8211; interno 10258<br \/>\nTel.: +20 (0)69 3601610 &#8211; 3601650 &#8211; +20 (0)2 27730109 &#8211; 27730119 &#8211; +20 (0)2 37943194\/5<br \/>\nsegreteria Sig.ra Rossella Cavallini 0020 1224298959<br \/>\nE-mail:\u00a0<a href=\"mailto:sharm.onorario@esteri.it\">sharm.onorario@esteri.it<br \/>\n<\/a>Orari: da Sabato a Mercoled\u00ec dalle 10.30 alle 13.00. l&#8217;ufficio resta chiuso il Gioved\u00ec ed il Venerd\u00ec.<\/p>\n<p>Corrispondente Consolare per le aree di Dahab, Nuweiba e Taba: Commendatore D.ssa Faiza Farid<br \/>\nDomina Coral Bay &#8211; Main Reception Building &#8211; interno 10258<br \/>\nTel.: +20 (0)69 3601610 &#8211; 3601650 &#8211; +20 (0)2 27730109\/119 &#8211; +20 (0)2 37943194\/5<br \/>\nsegreteria Sig.ra Rossella Cavallini 0020 1224298959<br \/>\nE-mail:\u00a0<a href=\"mailto:consolare.cairo@esteri.it;\">consolare.cairo@esteri.it;<br \/>\n<\/a>Orari: da Sabato a Mercoled\u00ec dalle 10.30 alle 13.00. l&#8217;ufficio resta chiuso il Gioved\u00ec ed il Venerd\u00ec.<\/p>\n<p><strong>Luxor<br \/>\n<\/strong>Corrispondente Consolare: Prof. Francis Amin Mohareb Khalil<br \/>\nc\/o Sheraton Hotel &#8211; suite 515, Luxor<br \/>\nTel.: +20 (0)122 3403381 &#8211; +20 (0)2 27730109 &#8211; 27730119 &#8211; +20 (0)2 37943194\/5<br \/>\nE-mail:\u00a0<a href=\"mailto:consolare.cairo@esteri.it\">consolare.cairo@esteri.it<\/a><br \/>\nOrari: da Sabato a Gioved\u00ec, 11.00 &#8211; 20.00<\/p>\n<p><strong>Hurgada<br \/>\n<\/strong>Vice Console Onorario: Orazio Gioacchini<br \/>\nIntercontinental area n.11 &#8211; Paradise village, Hurgada &#8211; Red Sea- Egypt.<br \/>\nTel.: +20 65346508; +20 1110806166<br \/>\nE-mail:\u00a0<a href=\"mailto:hurgada.onorario@esteri.it\">hurgada.onorario@esteri.it<\/a>\u00a0<a href=\"mailto:hurgada.onorario@esteri.it\"><br \/>\n<\/a><\/p>\n<p>Assistente: Sig.ra Tiziana Lombardi<\/p>\n<p>Orari: Lunedi&#8217;, mercoledi, venerdi 10.30-13.30<\/p>\n<p>&nbsp;<\/p>\n<p>PATRONATI<\/p>\n<p><strong>ITALUIL \/ UIM<\/strong><\/p>\n<p>Essa Eskander, Presidente Italuil \/ Uim Egitto<\/p>\n<p>5 Imtidad Al Akhaa Street- sixth floor n.62<br \/>\nCairo \u2013 Maadi 11729<br \/>\nLunedi \u2013 Mercoled\u00ec \u2013 Gioved\u00ec<br \/>\nOrario 09.00 \u2013 12.30 e 13.30 \u2013 15.30<\/p>\n<p>Tel 0020227010128<br \/>\nE-mail :\u00a0<a href=\"mailto:uimegitto@gmail.com\">uimegitto@gmail.com<br \/>\n<\/a><a href=\"mailto:e.eskander@uil.it\">e.eskander@uil.it<\/a><\/p>\n","protected":false},"excerpt":{"rendered":"Cancelleria Consolare al Cairo Capo Cancelleria: Primo Segretario GIULIA DE NARDIS Indirizzo: Nile City Towers, Torre Sud,\u00a0 7\u00b0 piano. 2005 Corniche El Nil, Ramlet Boulaq, Boulaq, Cairo. Tel.: +20 (0) 2.2461.9680 \/ +20 (0) 2.2461.9681 E-mail:\u00a0consolare.cairo@esteri.it Il Centralino del Cancelleria Consolare \u00e8 raggiungibile dalle 8 alle 18 tranne il venerd\u00ec e sabato, e giorni festivi. [&hellip;]","protected":false},"author":1,"featured_media":0,"parent":13,"menu_order":8,"comment_status":"closed","ping_status":"closed","template":"","meta":{"footnotes":""},"class_list":["post-42","page","type-page","status-publish","hentry"],"_links":{"self":[{"href":"https:\/\/ambilcairo.esteri.it\/it\/wp-json\/wp\/v2\/pages\/42","targetHints":{"allow":["GET"]}}],"collection":[{"href":"https:\/\/ambilcairo.esteri.it\/it\/wp-json\/wp\/v2\/pages"}],"about":[{"href":"https:\/\/ambilcairo.esteri.it\/it\/wp-json\/wp\/v2\/types\/page"}],"author":[{"embeddable":true,"href":"https:\/\/ambilcairo.esteri.it\/it\/wp-json\/wp\/v2\/users\/1"}],"replies":[{"embeddable":true,"href":"https:\/\/ambilcairo.esteri.it\/it\/wp-json\/wp\/v2\/comments?post=42"}],"version-history":[{"count":6,"href":"https:\/\/ambilcairo.esteri.it\/it\/wp-json\/wp\/v2\/pages\/42\/revisions"}],"predecessor-version":[{"id":5261,"href":"https:\/\/ambilcairo.esteri.it\/it\/wp-json\/wp\/v2\/pages\/42\/revisions\/5261"}],"up":[{"embeddable":true,"href":"https:\/\/ambilcairo.esteri.it\/it\/wp-json\/wp\/v2\/pages\/13"}],"wp:attachment":[{"href":"https:\/\/ambilcairo.esteri.it\/it\/wp-json\/wp\/v2\/media?parent=42"}],"curies":[{"name":"wp","href":"https:\/\/api.w.org\/{rel}","templated":true}]}}