{"id":43,"date":"2023-04-11T18:10:30","date_gmt":"2023-04-11T16:10:30","guid":{"rendered":"https:\/\/ambasciatapraga.esteri.it\/?page_id=43"},"modified":"2026-03-02T16:17:41","modified_gmt":"2026-03-02T13:17:41","slug":"diplomazia-economica","status":"publish","type":"page","link":"https:\/\/ambilcairo.esteri.it\/it\/italia-ed-egitto\/diplomazia-economica\/","title":{"rendered":"Diplomazia economica"},"content":{"rendered":"<p>I legami commerciali tra Italia ed Egitto sono solidi e di lungo corso. L\u2019Italia \u00e8 uno dei principali partner commerciale dell\u2019Egitto in UE e nel mondo. A fine 2025 l\u2019Italia \u00e8 il secondo mercato di destinazione dell\u2019export egiziano e il nono fornitore del paese. Al di l\u00e0 degli scambi commerciali i rapporti tra Italia ed Egitto si concretizzano anche attraverso investimenti diretti, a conferma di una cooperazione economica consolidata. In Egitto vi \u00e8 una presenza molto diffusa di imprese italiane, attive in comparti che spaziano dall\u2019energia all\u2019agroindustria, dalla meccanica alle costruzioni.<\/p>\n<p>L\u2019Ufficio economico-commerciale dell\u2019Ambasciata favorisce le relazioni economiche tra i due Paesi e monitora l\u2019andamento dell\u2019economia egiziana. A tal fine intrattiene rapporti diretti con le Autorit\u00e0 politico-economiche egiziane, con le pi\u00f9 autorevoli organizzazioni imprenditoriali locali e con gli esponenti della comunit\u00e0 imprenditoriale egiziana ed italiana.<\/p>\n<p>Per la promozione dei rapporti economici, l\u2019Ufficio commerciale si avvale della collaborazione dell\u2019<a href=\"https:\/\/www.ice.it\/it\/mercati\/egitto\/il-cairo\">Ufficio dell\u2019Agenzia ICE al Cairo<\/a> e della <a href=\"https:\/\/cci-egypt.org\/\">Camera di Commercio italiana in Egitto<\/a>.<\/p>\n<p><strong>Ufficio commerciale dell\u2019Ambasciata d\u2019Italia<br \/>\n<\/strong>Indirizzo: Nile City Towers, Torre Sud,\u00a0 7\u00b0 piano, 2005 Corniche El Nil, Ramlet Boulaq, Boulaq., Il Cairo, Egitto<br \/>\nTel.: +20 (0) 2 27953407 \u2013 27943194<br \/>\nFax: +20 (0) 2 2461 9359<br \/>\nE-mail: <a href=\"mailto:commerciale.ambcairo@esteri.it\">commerciale.ambcairo@esteri.it<\/a><br \/>\nAssistenza alle imprese italiane operanti o interessate ad operare in Egitto: <a href=\"https:\/\/nexus.esteri.it\/?sede=237\">piattaforma CRM Nexus<\/a><\/p>\n<p><strong>Orario di apertura al pubblico<br \/>\n<\/strong>Da domenica a gioved\u00ec compresi, ore 09.00 \u2013 15.00. Si riceve solo su appuntamento.<\/p>\n<p>&nbsp;<\/p>\n<p>&nbsp;<\/p>\n","protected":false},"excerpt":{"rendered":"I legami commerciali tra Italia ed Egitto sono solidi e di lungo corso. L\u2019Italia \u00e8 uno dei principali partner commerciale dell\u2019Egitto in UE e nel mondo. A fine 2025 l\u2019Italia \u00e8 il secondo mercato di destinazione dell\u2019export egiziano e il nono fornitore del paese. Al di l\u00e0 degli scambi commerciali i rapporti tra Italia ed [&hellip;]","protected":false},"author":1,"featured_media":0,"parent":14,"menu_order":0,"comment_status":"closed","ping_status":"closed","template":"","meta":{"footnotes":""},"class_list":["post-43","page","type-page","status-publish","hentry"],"_links":{"self":[{"href":"https:\/\/ambilcairo.esteri.it\/it\/wp-json\/wp\/v2\/pages\/43","targetHints":{"allow":["GET"]}}],"collection":[{"href":"https:\/\/ambilcairo.esteri.it\/it\/wp-json\/wp\/v2\/pages"}],"about":[{"href":"https:\/\/ambilcairo.esteri.it\/it\/wp-json\/wp\/v2\/types\/page"}],"author":[{"embeddable":true,"href":"https:\/\/ambilcairo.esteri.it\/it\/wp-json\/wp\/v2\/users\/1"}],"replies":[{"embeddable":true,"href":"https:\/\/ambilcairo.esteri.it\/it\/wp-json\/wp\/v2\/comments?post=43"}],"version-history":[{"count":6,"href":"https:\/\/ambilcairo.esteri.it\/it\/wp-json\/wp\/v2\/pages\/43\/revisions"}],"predecessor-version":[{"id":5592,"href":"https:\/\/ambilcairo.esteri.it\/it\/wp-json\/wp\/v2\/pages\/43\/revisions\/5592"}],"up":[{"embeddable":true,"href":"https:\/\/ambilcairo.esteri.it\/it\/wp-json\/wp\/v2\/pages\/14"}],"wp:attachment":[{"href":"https:\/\/ambilcairo.esteri.it\/it\/wp-json\/wp\/v2\/media?parent=43"}],"curies":[{"name":"wp","href":"https:\/\/api.w.org\/{rel}","templated":true}]}}