{"id":4527,"date":"2025-12-08T17:02:24","date_gmt":"2025-12-08T14:02:24","guid":{"rendered":"https:\/\/ambilcairo.esteri.it\/?page_id=4527"},"modified":"2026-03-26T16:15:10","modified_gmt":"2026-03-26T13:15:10","slug":"variazione-indirizzo-e-cambio-circoscrizione-consolare","status":"publish","type":"page","link":"https:\/\/ambilcairo.esteri.it\/it\/servizi-consolari-e-visti\/servizi-per-il-cittadino-italiano\/anagrafe-italiani-residenti-allestero-a-i-r-e\/variazione-indirizzo-e-cambio-circoscrizione-consolare\/","title":{"rendered":"VARIAZIONE INDIRIZZO E CAMBIO CIRCOSCRIZIONE CONSOLARE"},"content":{"rendered":"<p>L\u2019aggiornamento dell\u2019A.I.R.E. \u00e8 dovere del cittadino che deve <strong>tempestivamente comunicare all\u2019ufficio consolare ogni variazione d\u2019indirizzo<\/strong>, per non rischiare d\u2019incorrere nella cancellazione dall\u2019A.I.R.E. per \u201cirreperibilit\u00e0 presunta\u201d e nelle sanzioni amministrative erogate dai Comuni.<\/p>\n<p>Per effettuare le variazioni d\u2019indirizzo \u00e8 necessario essere registrati sul Portale\u00a0<a href=\"https:\/\/serviziconsolarionline.esteri.it\/\">Fast It<\/a><\/p>\n<p>Gli utenti gi\u00e0 in possesso di un account <a href=\"https:\/\/serviziconsolarionline.esteri.it\/\">Fast It<\/a> potranno procedere direttamente alla richiesta di variazione di indirizzo\u00a0utilizzando il servizio<strong> \u201cComunicare la Variazione della propria Residenza\u201d.<\/strong><\/p>\n<p>In alternativa, la documentazione pu\u00f2 essere inviata con posta elettronica tramite email all\u2019indirizzo <a href=\"mailto:statocivile.cairo@esteri.it\">statocivile.cairo@esteri.it<\/a> o consegnata a mano allo sportello.<\/p>\n<p>DOCUMENTI NECESSARI (da caricare sul portale Fast It dopo aver eseguito la scansione):<\/p>\n<ol>\n<li>Comunicazione Cambio Residenza per tutti i membri maggiorenni del nucleo familiare per i quali avviene la variazione (generata dal programma, stampata, sottoscritta manualmente e allegata).<\/li>\n<li>fotocopia di passaporto e\/o della carta d\u2019identit\u00e0 (In mancanza di documenti italiani, sar\u00e0 accettato un documento di identit\u00e0 straniero completo di tutte le generalit\u00e0);<\/li>\n<li>nuova prova di residenza (contratto di affitto oppure copia di una bolletta di una qualsiasi utenza recante il nuovo indirizzo).<\/li>\n<\/ol>\n<p>&nbsp;<\/p>\n<p><strong>VARIAZIONE D\u2019INDIRIZZO DA O VERSO ALTRA CIRCOSCRIZIONE CONSOLARE<\/strong><\/p>\n<p><u>TRASFERIMENTO DA ALTRA CIRCOSCRIZIONE CONSOLARE IN EGITTO<\/u><\/p>\n<p>I cittadini regolarmente iscritti all\u2019A.I.R.E. che trasferiscono la propria residenza in Egitto dovranno richiedere il \u201cCambio Circoscrizione Consolare\u201d. Per i cittadini non ancora titolari di un account <a href=\"https:\/\/serviziconsolarionline.esteri.it\/\">Fast It<\/a> <u>l<\/u>a procedura \u00e8 identica a quella della richiesta di iscrizione AIRE ma, al momento della compilazione della domanda si dovr\u00e0 indicare, nel campo \u201cLocalit\u00e0 di provenienza\u201d, il Consolato nel quale si era iscritti in precedenza.<\/p>\n<p>I cittadini che hanno gi\u00e0 un account <a href=\"https:\/\/serviziconsolarionline.esteri.it\/\">Fast It<\/a> associato ad un altro Consolato dovranno richiedere l\u2019accesso alla propria scheda consolare presso il Consolato di provenienza e quindi richiedere il servizio \u201cComunicare la variazione della propria residenza\u201d (indicando la nuova localit\u00e0 di residenza, il programma trasferir\u00e0 automaticamente l\u2019account <a href=\"https:\/\/serviziconsolarionline.esteri.it\/\">Fast It<\/a> all\u2019Ambasciata d\u2019Italia al Cairo)<\/p>\n<p><u>TRASFERIMENTO DALL\u2019EGITTO AD ALTRA CIRCOSCRIZIONE CONSOLARE<\/u><\/p>\n<p>I cittadini italiani residenti in questa circoscrizione consolare e regolarmente iscritti all\u2019A.I.R.E. che trasferiscono la propria residenza nel territorio di una diversa circoscrizione consolare devono contattare il Consolato competente per il luogo di nuova residenza e comunicare il proprio indirizzo. Sar\u00e0 quindi cura del Consolato \u201cricevente\u201d darne comunicazione al Comune A.I.R.E. dell\u2019interessato e all\u2019Ambasciata d\u2019Italia al Cairo.<\/p>\n<p>I cittadini gi\u00e0 in possesso di un account <a href=\"https:\/\/serviziconsolarionline.esteri.it\/\">Fast It<\/a> e autorizzati a visualizzare la propria scheda anagrafica, potranno utilizzare il servizio \u201cComunicare la Variazione della propria Residenza\u201d. Indicando una localit\u00e0 di residenza non pi\u00f9 compresa nella circoscrizione consolare del Cairo. Il programma trasferir\u00e0 automaticamente l\u2019account <a href=\"https:\/\/serviziconsolarionline.esteri.it\/\">Fast It<\/a> al nuovo Consolato di competenza (si invita a prestare attenta cura nel selezionare la localit\u00e0 di residenza nell\u2019apposito campo a tendina).<\/p>\n<p>&nbsp;<\/p>\n<p>&nbsp;<\/p>\n","protected":false},"excerpt":{"rendered":"L\u2019aggiornamento dell\u2019A.I.R.E. \u00e8 dovere del cittadino che deve tempestivamente comunicare all\u2019ufficio consolare ogni variazione d\u2019indirizzo, per non rischiare d\u2019incorrere nella cancellazione dall\u2019A.I.R.E. per \u201cirreperibilit\u00e0 presunta\u201d e nelle sanzioni amministrative erogate dai Comuni. Per effettuare le variazioni d\u2019indirizzo \u00e8 necessario essere registrati sul Portale\u00a0Fast It Gli utenti gi\u00e0 in possesso di un account Fast It potranno [&hellip;]","protected":false},"author":4,"featured_media":0,"parent":308,"menu_order":5,"comment_status":"closed","ping_status":"closed","template":"","meta":{"footnotes":""},"class_list":["post-4527","page","type-page","status-publish","hentry"],"_links":{"self":[{"href":"https:\/\/ambilcairo.esteri.it\/it\/wp-json\/wp\/v2\/pages\/4527","targetHints":{"allow":["GET"]}}],"collection":[{"href":"https:\/\/ambilcairo.esteri.it\/it\/wp-json\/wp\/v2\/pages"}],"about":[{"href":"https:\/\/ambilcairo.esteri.it\/it\/wp-json\/wp\/v2\/types\/page"}],"author":[{"embeddable":true,"href":"https:\/\/ambilcairo.esteri.it\/it\/wp-json\/wp\/v2\/users\/4"}],"replies":[{"embeddable":true,"href":"https:\/\/ambilcairo.esteri.it\/it\/wp-json\/wp\/v2\/comments?post=4527"}],"version-history":[{"count":3,"href":"https:\/\/ambilcairo.esteri.it\/it\/wp-json\/wp\/v2\/pages\/4527\/revisions"}],"predecessor-version":[{"id":5689,"href":"https:\/\/ambilcairo.esteri.it\/it\/wp-json\/wp\/v2\/pages\/4527\/revisions\/5689"}],"up":[{"embeddable":true,"href":"https:\/\/ambilcairo.esteri.it\/it\/wp-json\/wp\/v2\/pages\/308"}],"wp:attachment":[{"href":"https:\/\/ambilcairo.esteri.it\/it\/wp-json\/wp\/v2\/media?parent=4527"}],"curies":[{"name":"wp","href":"https:\/\/api.w.org\/{rel}","templated":true}]}}