{"id":4569,"date":"2025-12-08T17:23:44","date_gmt":"2025-12-08T14:23:44","guid":{"rendered":"https:\/\/ambilcairo.esteri.it\/?page_id=4569"},"modified":"2026-02-19T12:09:47","modified_gmt":"2026-02-19T09:09:47","slug":"carta-didentita-elettronica-cie","status":"publish","type":"page","link":"https:\/\/ambilcairo.esteri.it\/it\/servizi-consolari-e-visti\/servizi-per-il-cittadino-italiano\/carta-didentita-elettronica-cie\/","title":{"rendered":"Carta d&#8217;Identit\u00e0 Elettronica (CIE)"},"content":{"rendered":"<p>La Carta d\u2019Identit\u00e0 Elettronica (CIE) \u00e8 un documento multifunzionale: attesta l\u2019identit\u00e0 del cittadino, \u00e8 un documento di viaggio esclusivamente all\u2019interno dell\u2019UE, riporta il codice fiscale e si pu\u00f2 utilizzare, cos\u00ec come il passaporto, per richiedere un\u2019identit\u00e0 sul sistema SPID (Sistema Pubblico di Identit\u00e0 Digitale) con cui accedere ai Servizi erogati dalle Pubbliche Amministrazioni Italiane.<\/p>\n<p><strong>Le Carte d\u2019Identit\u00e0 Cartacee<\/strong> (CIC) <strong>italiane cesseranno di essere valide dal<\/strong> <strong>3 agosto 2026.<\/strong><\/p>\n<p>Per poter richiedere la Carta d\u2019Identit\u00e0 Elettronica (CIE) \u00e8 necessario prenotare un\u00a0<strong>appuntamento sul portale\u00a0<\/strong><a href=\"https:\/\/prenotami.esteri.it\/\"><strong>Prenot@mi<\/strong><\/a>\u00a0 con l\u2019ufficio passaporti.<\/p>\n<p>Per la richiesta della CIE di un figlio minore, il genitore deve prendere appuntamento a proprio nome, utilizzando il proprio account\u00a0<a href=\"https:\/\/prenotami.esteri.it\/\">Prenot@mi\u00a0<\/a>, specificando nelle note i dati anagrafici del figlio minore.<\/p>\n<p>Ai fini dell\u2019emissione della Carta d\u2019Identit\u00e0 Elettronica (CIE) \u00e8 indispensabile:<\/p>\n<ul>\n<li>essere iscritti all\u2019AIRE e risultare residente nella\u00a0circoscrizione consolare\u00a0di questa Ambasciata;<\/li>\n<li>per i connazionali nati all\u2019estero aver trascritto l\u2019atto di nascita in Italia, in quanto gli estremi della trascrizione debbono essere riportati sulla Carta d\u2019Identit\u00e0 Elettronica (CIE);<\/li>\n<li>disporre di Codice Fiscale. Chi non \u00e8 in possesso del\u00a0Codice Fiscale\u00a0\u00e8 invitato a consultare il link <a href=\"https:\/\/ambilcairo.esteri.it\/it\/servizi-consolari-e-visti\/servizi-per-il-cittadino-italiano\/codice-fiscale\/\">Codice fiscale \u2013 Ambasciata d&#8217;Italia Il Cairo<\/a>;<\/li>\n<li>aver aggiornato la propria posizione nel caso di cambio d\u2019indirizzo, variazione dello stato civile o nascita di figli; i cambi di indirizzo vanno comunicati sul Portale\u00a0<a href=\"https:\/\/serviziconsolarionline.esteri.it\/ScoFE\/index.sco\">Fast-IT<\/a>, assicurandosi di usare il proprio nome completo come da atto di nascita. Il Portale consente di visualizzare la propria posizione nello schedario consolare attraverso la funzione ASON \u2013 \u201cVisualizzare la propria scheda anagrafica\u201d. Una volta visualizzata la propria scheda anagrafica sar\u00e0 possibile notificare la propria variazione di indirizzo selezionando l\u2019apposita opzione.<\/li>\n<\/ul>\n<p>Nel caso il connazionale non possieda i requisiti o emergano elementi ostativi\u00a0<strong>NON SARA\u2019 POSSIBILE PROCEDERE ALLA RICHIESTA.<\/strong><\/p>\n<p>Il giorno dell\u2019appuntamento il connazionale dovr\u00e0 presentare la seguente <strong>documentazione:<\/strong><\/p>\n<ul>\n<li>un documento di identit\u00e0 in corso di validit\u00e0;<\/li>\n<li>la precedente Carta d\u2019Identit\u00e0, se gi\u00e0 in possesso (<u>NB: la CIE precedente verr\u00e0 annullata il giorno dell\u2019appuntamento);<\/u><\/li>\n<li>diritti consolari, da corrispondersi in contanti per l\u2019importo indicato nella tabella consultabile al seguente link (Art. 28C)\u00a0 <a href=\"https:\/\/ambilcairo.esteri.it\/it\/servizi-consolari-e-visti\/servizi-per-il-cittadino-italiano\/tariffa-consolare\/\">Tariffa Consolare \u2013 Ambasciata d&#8217;Italia Il Cairo<\/a>.<\/li>\n<\/ul>\n<p>Il giorno dell\u2019appuntamento, l\u2019operatore consolare acquisisce la documentazione, effettua il riconoscimento e la verifica della foto ed acquisisce le impronte digitali e la firma (salvo per i minori di anni 12).<\/p>\n<p>Ricordiamo che i minori dovranno essere presenti il giorno dell\u2019appuntamento per l\u2019acquisizione dei dati biometrici insieme ai genitori.<\/p>\n<p>Qualora una dei genitori non possa essere presente il giorno dell\u2019appuntamento sar\u00e0 necessario che il genitore, cittadino UE, non presente compili e firmi l\u2019<strong>Atto di assenso <\/strong>e alleghi una copia di un documento di identit\u00e0 in corso di validit\u00e0.<\/p>\n<p>Se il genitore che concede l\u2019assenso\u00a0<strong>non \u00e8 un cittadino dell\u2019Unione Europea<\/strong>, deve firmare l\u2019atto di assenso in una delle seguenti modalit\u00e0:<br \/>\n\u2022 se all\u2019estero presso il Consolato italiano pi\u00f9 vicino<\/p>\n<ul>\n<li>presso la Questura se in Italia.<\/li>\n<\/ul>\n<p><strong>La Carta d\u2019Identit\u00e0 Elettronica (CIE)\u00a0<u>non<\/u>\u00a0viene rilasciata il giorno dell\u2019appuntamento,\u00a0<\/strong>ma viene spedita dall\u2019Istituto Poligrafico e Zecca dello Stato di Roma all\u2019indirizzo dell\u2019Ambasciata d\u2019Italia al Cairo che contatter\u00e0 i connazionali per il ritiro.<\/p>\n<p>Con l\u2019entrata in vigore della Legge n. 19 del 19 gennaio 2026 il cittadino iscritto all\u2019Anagrafe degli Italiani Residenti all\u2019Estero (AIRE) \u2013 a decorrere dal 1\u00b0 giugno 2026 \u2013 ha la possibilit\u00e0 di presentare domanda per il rilascio della carta d&#8217;identit\u00e0 elettronica presso qualsiasi Comune italiano. La carta d\u2019identit\u00e0 sar\u00e0 consegnata con le medesime modalit\u00e0 previste in caso di domanda presentata tramite l\u2019Ufficio consolare, con facolt\u00e0 per l\u2019interessato di ritirarla personalmente presso il Comune ovvero di richiederne la spedizione all\u2019estero.<\/p>\n<p><strong><u>IMPORTANTE<\/u><\/strong><\/p>\n<p>I Cittadini che riscontrano problemi nella <strong>ricezione degli OTP<\/strong>, devono verificare con il gestore telefonico e sul proprio dispositivo, se presente il blocco in ricezione per i nostri SMS. In caso di esito negativo devono\u00a0inviare una mail a <a href=\"mailto:cie.cittadini@interno.it\"><strong>cie.cittadini@interno.it<\/strong><\/a> indicando numero di telefono, nome dell\u2019operatore telefonico, indirizzo e-mail, Paese di residenza, nome e cognome e codice fiscale.<\/p>\n<p>Per qualsiasi problematica riguardante la <strong>registrazione della CIE ai servizi digitali<\/strong> i connazionali possono inviare una mail al seguente indirizzo: <a href=\"mailto:informazioni@email.ipzs.it\"><strong>informazioni@email.ipzs.it<\/strong><\/a><\/p>\n<p>&nbsp;<\/p>\n","protected":false},"excerpt":{"rendered":"La Carta d\u2019Identit\u00e0 Elettronica (CIE) \u00e8 un documento multifunzionale: attesta l\u2019identit\u00e0 del cittadino, \u00e8 un documento di viaggio esclusivamente all\u2019interno dell\u2019UE, riporta il codice fiscale e si pu\u00f2 utilizzare, cos\u00ec come il passaporto, per richiedere un\u2019identit\u00e0 sul sistema SPID (Sistema Pubblico di Identit\u00e0 Digitale) con cui accedere ai Servizi erogati dalle Pubbliche Amministrazioni Italiane. Le [&hellip;]","protected":false},"author":4,"featured_media":0,"parent":47,"menu_order":7,"comment_status":"closed","ping_status":"closed","template":"","meta":{"footnotes":""},"class_list":["post-4569","page","type-page","status-publish","hentry"],"_links":{"self":[{"href":"https:\/\/ambilcairo.esteri.it\/it\/wp-json\/wp\/v2\/pages\/4569","targetHints":{"allow":["GET"]}}],"collection":[{"href":"https:\/\/ambilcairo.esteri.it\/it\/wp-json\/wp\/v2\/pages"}],"about":[{"href":"https:\/\/ambilcairo.esteri.it\/it\/wp-json\/wp\/v2\/types\/page"}],"author":[{"embeddable":true,"href":"https:\/\/ambilcairo.esteri.it\/it\/wp-json\/wp\/v2\/users\/4"}],"replies":[{"embeddable":true,"href":"https:\/\/ambilcairo.esteri.it\/it\/wp-json\/wp\/v2\/comments?post=4569"}],"version-history":[{"count":2,"href":"https:\/\/ambilcairo.esteri.it\/it\/wp-json\/wp\/v2\/pages\/4569\/revisions"}],"predecessor-version":[{"id":5284,"href":"https:\/\/ambilcairo.esteri.it\/it\/wp-json\/wp\/v2\/pages\/4569\/revisions\/5284"}],"up":[{"embeddable":true,"href":"https:\/\/ambilcairo.esteri.it\/it\/wp-json\/wp\/v2\/pages\/47"}],"wp:attachment":[{"href":"https:\/\/ambilcairo.esteri.it\/it\/wp-json\/wp\/v2\/media?parent=4569"}],"curies":[{"name":"wp","href":"https:\/\/api.w.org\/{rel}","templated":true}]}}