{"id":74,"date":"2023-04-11T18:20:09","date_gmt":"2023-04-11T16:20:09","guid":{"rendered":"https:\/\/ambasciatapraga.esteri.it\/?page_id=74"},"modified":"2026-03-26T16:22:34","modified_gmt":"2026-03-26T13:22:34","slug":"autoveicoli-e-patenti-di-guida","status":"publish","type":"page","link":"https:\/\/ambilcairo.esteri.it\/it\/servizi-consolari-e-visti\/servizi-per-il-cittadino-italiano\/autoveicoli-e-patenti-di-guida\/","title":{"rendered":"Autoveicoli e Patenti di guida"},"content":{"rendered":"<p><strong>Patente di guida egiziana<\/strong><\/p>\n<p>Non esiste accordo di reciprocit\u00e0 con l\u2019Egitto. Pertanto non\u00a0\u00e8 possibile procedere alla conversione della propria patente italiana. Per l\u2019ottenimento della patente egiziana occorrer\u00e0 sostenere una prova di guida ed esibire: comunque la patente di guida italiana, il passaporto, 3 fotografie, Certificato medico e certificato oculistico.<br \/>\nPer tale procedura le Autorit\u00e0 egiziane richiedono anche apposito Certificato di residenza bilingue rilasciato dalla Cancelleria consolare dell\u2019Ambasciata.<br \/>\nSi consiglia di prendere comunque contatti con le Autorit\u00e0 egiziane per avere informazioni pi\u00f9 aggiornate. (Ufficio del traffico)<\/p>\n<p><strong>Conferma di validit\u00e0 della patente di guida italiana (rinnovo per scadenza) in Paesi extra UE<\/strong><\/p>\n<p>Solo per residenti o dimoranti da pi\u00f9 di 6 mesi<\/p>\n<p>Solo per le patenti A o B<\/p>\n<p>I titolari di patente italiana residenti o dimoranti per un periodo di almeno 6 mesi in Paesi extra UE possono ottenere presso le competenti Autorit\u00e0 diplomatico-consolari italiane la conferma della validit\u00e0 della loro patente italiana, scaduta da non pi\u00f9 di cinque anni e non rientrante nei casi previsti all\u2019art. 119, commi 2-bis e 4 del Codice della Strada (patenti di conducenti affetti da diabete o la cui idoneit\u00e0 psicofisica deve essere certificata da apposite commissioni mediche).<\/p>\n<p>Gli interessati dovranno effettuare la prevista visita medica presso il medico di fiducia dell\u2019Ambasciata per l\u2019accertamento dei requisiti psichici e fisici, dopo di che la Rappresentanza diplomatico-consolare rilascer\u00e0 apposita attestazione di rinnovo. <a href=\"https:\/\/www.esteri.it\/it\/servizi-consolari-e-visti\/italiani-all-estero\/autoveicoli_e_patenti\/patenteguida\/\">Patente di guida \u2013 Ministero degli Affari Esteri e della Cooperazione Internazionale<\/a><\/p>\n<p>Al rientro in Italia la patente di guida dovr\u00e0 essere confermata dal competente Ufficio Centrale del Dipartimento per i trasporti, la navigazione ed i sistemi informativi e statistici.<\/p>\n<p>Dopo aver ottenuto il certificato medico si prega fissare un appuntamento tramite il portale <a href=\"https:\/\/prenotami.esteri.it\/Home?ReturnUrl=%2fServices\">Prenot@Mi<\/a><\/p>\n<p>Il giorno dell\u2019appuntamento dovr\u00e0 presentare:<\/p>\n<ul>\n<li>Il certificato medico in originale<\/li>\n<li>il modulo di domanda<\/li>\n<li>due foto tessera<\/li>\n<li>il passaporto italiano in originale e una fotocopia<\/li>\n<li>la patente scaduta in originale e una fotocopia<\/li>\n<\/ul>\n<p>&nbsp;<\/p>\n<p>Per il costo del rinnovo della patente si prega consultare la seguente tabella <a href=\"https:\/\/ambilcairo.esteri.it\/it\/servizi-consolari-e-visti\/servizi-per-il-cittadino-italiano\/tariffa-consolare\/\">Tariffa Consolare<\/a><\/p>\n<p>Si accettano solo pagamenti in contanti.<\/p>\n<p><a href=\"https:\/\/ambilcairo.esteri.it\/wp-content\/uploads\/2026\/03\/modulo_domanda_conferma_validita_patente_di_guida_per_iscritti_aire1.docx\">MODULO DOMANDA CONFERMA VALIDITA\u2019 PATENTE DI GUIDA PER ISCRITTI AIRE<\/a><\/p>\n<p><strong>Medico di fiducia dell\u2019Ambasciata<\/strong>:<\/p>\n<p>DR. ASHRAF FAHIM REZKALLA YOUSSEF<\/p>\n<p>TEL. 0122.1663922 \u2013 Email: ashraf_rezk70@yahoo.com<\/p>\n<p>&nbsp;<\/p>\n","protected":false},"excerpt":{"rendered":"Patente di guida egiziana Non esiste accordo di reciprocit\u00e0 con l\u2019Egitto. Pertanto non\u00a0\u00e8 possibile procedere alla conversione della propria patente italiana. Per l\u2019ottenimento della patente egiziana occorrer\u00e0 sostenere una prova di guida ed esibire: comunque la patente di guida italiana, il passaporto, 3 fotografie, Certificato medico e certificato oculistico. Per tale procedura le Autorit\u00e0 egiziane [&hellip;]","protected":false},"author":1,"featured_media":0,"parent":47,"menu_order":40,"comment_status":"closed","ping_status":"closed","template":"","meta":{"footnotes":""},"class_list":["post-74","page","type-page","status-publish","hentry"],"_links":{"self":[{"href":"https:\/\/ambilcairo.esteri.it\/it\/wp-json\/wp\/v2\/pages\/74","targetHints":{"allow":["GET"]}}],"collection":[{"href":"https:\/\/ambilcairo.esteri.it\/it\/wp-json\/wp\/v2\/pages"}],"about":[{"href":"https:\/\/ambilcairo.esteri.it\/it\/wp-json\/wp\/v2\/types\/page"}],"author":[{"embeddable":true,"href":"https:\/\/ambilcairo.esteri.it\/it\/wp-json\/wp\/v2\/users\/1"}],"replies":[{"embeddable":true,"href":"https:\/\/ambilcairo.esteri.it\/it\/wp-json\/wp\/v2\/comments?post=74"}],"version-history":[{"count":7,"href":"https:\/\/ambilcairo.esteri.it\/it\/wp-json\/wp\/v2\/pages\/74\/revisions"}],"predecessor-version":[{"id":5697,"href":"https:\/\/ambilcairo.esteri.it\/it\/wp-json\/wp\/v2\/pages\/74\/revisions\/5697"}],"up":[{"embeddable":true,"href":"https:\/\/ambilcairo.esteri.it\/it\/wp-json\/wp\/v2\/pages\/47"}],"wp:attachment":[{"href":"https:\/\/ambilcairo.esteri.it\/it\/wp-json\/wp\/v2\/media?parent=74"}],"curies":[{"name":"wp","href":"https:\/\/api.w.org\/{rel}","templated":true}]}}